{"id":3885,"date":"2022-03-20T17:53:19","date_gmt":"2022-03-20T17:53:19","guid":{"rendered":"https:\/\/outdoortara.com\/?page_id=3885"},"modified":"2022-03-20T18:13:12","modified_gmt":"2022-03-20T18:13:12","slug":"outdoor-tara-faq","status":"publish","type":"page","link":"https:\/\/canyoning.ba\/bs\/outdoor-tara-faq\/","title":{"rendered":"Outdoor Tara FAQ"},"content":{"rendered":"<div class=\"fusion-fullwidth fullwidth-box fusion-builder-row-1 fusion-flex-container nonhundred-percent-fullwidth non-hundred-percent-height-scrolling\" style=\"background-color: var(--awb-color1);background-position: center center;background-repeat: no-repeat;border-width: 0px 0px 0px 0px;border-color:var(--awb-color3);border-style:solid;\" ><div class=\"fusion-builder-row fusion-row fusion-flex-align-items-flex-start\" style=\"max-width:1393.6px;margin-left: calc(-4% \/ 2 );margin-right: calc(-4% \/ 2 );\"><div class=\"fusion-layout-column fusion_builder_column fusion-builder-column-0 fusion_builder_column_1_1 1_1 fusion-flex-column\"><div class=\"fusion-column-wrapper fusion-flex-justify-content-flex-start fusion-content-layout-column\" style=\"background-position:left top;background-repeat:no-repeat;-webkit-background-size:cover;-moz-background-size:cover;-o-background-size:cover;background-size:cover;padding: 0px 0px 0px 0px;\"><div class=\"fusion-text fusion-text-1\"><h2 class=\"fusion-responsive-typography-calculated\" data-fontsize=\"54\" data-lineheight=\"64.8px\">Outdoor Tara &#8211; Naj\u010de\u0161\u0107a pitanja (FAQs)<\/h2>\n<h2 class=\"fusion-responsive-typography-calculated\" data-fontsize=\"54\" data-lineheight=\"64.8px\"><\/h2>\n<\/div><div class=\"fusion-text fusion-text-2\"><p>Pregledajte neka od na\u0161ih najpopularnijih pitanja. Jo\u0161 uvijek niste prona\u0161li odgovor? Slobodno nas <a href=\"https:\/\/canyoning.ba\/bs\/kontaktirajte-nas\/\" target=\"_blank\" rel=\"noopener\">kontaktirajte<\/a><\/p>\n<\/div><style type=\"text\/css\">.fusion-accordian #accordian-1 .panel-title a .fa-fusion-box:before{ font-size: 16px;}.fusion-accordian #accordian-1 .panel-title a .fa-fusion-box{ color: var(--awb-color1);}.fusion-accordian #accordian-1 .fa-fusion-box { background-color: var(--awb-color8);border-color: var(--awb-color8);}.fusion-accordian #accordian-1 .panel-title a:hover,.fusion-accordian #accordian-1 .panel-title a.hover { color: var(--awb-color4);}.fusion-faq-shortcode .fusion-accordian #accordian-1 .fusion-toggle-boxed-mode:hover .panel-title a { color: var(--awb-color4);}.fusion-accordian #accordian-1 .panel-title .active .fa-fusion-box,.fusion-accordian #accordian-1 .panel-title a:hover .fa-fusion-box,.fusion-accordian #accordian-1 .panel-title a.hover .fa-fusion-box { background-color: var(--awb-color4)!important;border-color: var(--awb-color4)!important;}<\/style><div class=\"fusion-faq-shortcode\"><div class=\"fusion-faqs-wrapper\"><div class=\"accordian fusion-accordian\"><div class=\"panel-group \" id=\"accordian-1\"><div class=\"fusion-panel panel-default fusion-faq-post fusion-faq-post-3319 korisne-informacije \"><span class=\"entry-title rich-snippet-hidden\">DA LI MI JE POTREBNO ISKUSTVO ZA KANJONING?<\/span><span class=\"vcard rich-snippet-hidden\"><span class=\"fn\"><a href=\"https:\/\/canyoning.ba\/bs\/author\/admin\/\" title=\"\u010clanci od admin\" rel=\"author\">admin<\/a><\/span><\/span><span class=\"updated rich-snippet-hidden\">2022-02-17T12:55:52+00:00<\/span><div class=\"panel-heading\"><h4 class=\"panel-title toggle\"><a data-toggle=\"collapse\" class=\"collapsed\" data-parent=\"#accordian-1\" data-target=\"#collapse-1-3319\" href=\"#collapse-1-3319\"><div class=\"fusion-toggle-icon-wrapper\"><div class=\"fusion-toggle-icon-wrapper-main\"><div class=\"fusion-toggle-icon-wrapper-sub\"><i class=\"fa-fusion-box active-icon awb-icon-minus\" aria-hidden=\"true\"><\/i><i class=\"fa-fusion-box inactive-icon awb-icon-plus\" aria-hidden=\"true\"><\/i><\/div><\/div><\/div><div class=\"fusion-toggle-heading\">DA LI MI JE POTREBNO ISKUSTVO ZA KANJONING?<\/div><\/a><\/h4><\/div><div id=\"collapse-1-3319\" class=\"panel-collapse collapse\"><div class=\"panel-body toggle-content post-content\"><p>Prethodno iskustvo nije potrebno, ali je potrebno da ste pliva\u010d i da se ne bojite visine.<\/p>\n<\/div><\/div><\/div><div class=\"fusion-panel panel-default fusion-faq-post fusion-faq-post-3310 korisne-informacije \"><span class=\"entry-title rich-snippet-hidden\">DA LI JE MOGU\u0106E ORGANIZOVATI PREVOZ?<\/span><span class=\"vcard rich-snippet-hidden\"><span class=\"fn\"><a href=\"https:\/\/canyoning.ba\/bs\/author\/admin\/\" title=\"\u010clanci od admin\" rel=\"author\">admin<\/a><\/span><\/span><span class=\"updated rich-snippet-hidden\">2022-02-17T09:42:53+00:00<\/span><div class=\"panel-heading\"><h4 class=\"panel-title toggle\"><a data-toggle=\"collapse\" class=\"collapsed\" data-parent=\"#accordian-1\" data-target=\"#collapse-1-3310\" href=\"#collapse-1-3310\"><div class=\"fusion-toggle-icon-wrapper\"><div class=\"fusion-toggle-icon-wrapper-main\"><div class=\"fusion-toggle-icon-wrapper-sub\"><i class=\"fa-fusion-box active-icon awb-icon-minus\" aria-hidden=\"true\"><\/i><i class=\"fa-fusion-box inactive-icon awb-icon-plus\" aria-hidden=\"true\"><\/i><\/div><\/div><\/div><div class=\"fusion-toggle-heading\">DA LI JE MOGU\u0106E ORGANIZOVATI PREVOZ?<\/div><\/a><\/h4><\/div><div id=\"collapse-1-3310\" class=\"panel-collapse collapse\"><div class=\"panel-body toggle-content post-content\"><p>Mogu\u0107e je organizovati prevoz od aerodroma (Sarajevo, Tuzla, Podgorica, Dubrovnik) po povoljnim cijenama.<\/p>\n<\/div><\/div><\/div><div class=\"fusion-panel panel-default fusion-faq-post fusion-faq-post-3313 korisne-informacije \"><span class=\"entry-title rich-snippet-hidden\">DA LI MOGU U\u010cESTVOVATI I AKO IMAM ZDRASTVENIH PROBLEMA?<\/span><span class=\"vcard rich-snippet-hidden\"><span class=\"fn\"><a href=\"https:\/\/canyoning.ba\/bs\/author\/admin\/\" title=\"\u010clanci od admin\" rel=\"author\">admin<\/a><\/span><\/span><span class=\"updated rich-snippet-hidden\">2022-02-17T09:44:24+00:00<\/span><div class=\"panel-heading\"><h4 class=\"panel-title toggle\"><a data-toggle=\"collapse\" class=\"collapsed\" data-parent=\"#accordian-1\" data-target=\"#collapse-1-3313\" href=\"#collapse-1-3313\"><div class=\"fusion-toggle-icon-wrapper\"><div class=\"fusion-toggle-icon-wrapper-main\"><div class=\"fusion-toggle-icon-wrapper-sub\"><i class=\"fa-fusion-box active-icon awb-icon-minus\" aria-hidden=\"true\"><\/i><i class=\"fa-fusion-box inactive-icon awb-icon-plus\" aria-hidden=\"true\"><\/i><\/div><\/div><\/div><div class=\"fusion-toggle-heading\">DA LI MOGU U\u010cESTVOVATI I AKO IMAM ZDRASTVENIH PROBLEMA?<\/div><\/a><\/h4><\/div><div id=\"collapse-1-3313\" class=\"panel-collapse collapse\"><div class=\"panel-body toggle-content post-content\"><p>Neki zdravstveni uslovi mogu vam zabraniti u\u010destvovanje, ali ve\u0107ina ne\u0107e. Ako imate zdravstvenih poblema, veoma je va\u017eno da to obavjestite na\u0161e osoblje prije u\u010de\u0161\u0107a. Ako su vam potrebni lijekovi, mora\u0107ete to ponijeti sa sobom u slu\u010daju da vam zatrebaju.<\/p>\n<\/div><\/div><\/div><div class=\"fusion-panel panel-default fusion-faq-post fusion-faq-post-3315 korisne-informacije \"><span class=\"entry-title rich-snippet-hidden\">DA LI SU TU\u0160EVI I SVLA\u010cIONICE DOSTUPNE NA IZLETIMA?<\/span><span class=\"vcard rich-snippet-hidden\"><span class=\"fn\"><a href=\"https:\/\/canyoning.ba\/bs\/author\/admin\/\" title=\"\u010clanci od admin\" rel=\"author\">admin<\/a><\/span><\/span><span class=\"updated rich-snippet-hidden\">2022-02-17T12:52:38+00:00<\/span><div class=\"panel-heading\"><h4 class=\"panel-title toggle\"><a data-toggle=\"collapse\" class=\"collapsed\" data-parent=\"#accordian-1\" data-target=\"#collapse-1-3315\" href=\"#collapse-1-3315\"><div class=\"fusion-toggle-icon-wrapper\"><div class=\"fusion-toggle-icon-wrapper-main\"><div class=\"fusion-toggle-icon-wrapper-sub\"><i class=\"fa-fusion-box active-icon awb-icon-minus\" aria-hidden=\"true\"><\/i><i class=\"fa-fusion-box inactive-icon awb-icon-plus\" aria-hidden=\"true\"><\/i><\/div><\/div><\/div><div class=\"fusion-toggle-heading\">DA LI SU TU\u0160EVI I SVLA\u010cIONICE DOSTUPNE NA IZLETIMA?<\/div><\/a><\/h4><\/div><div id=\"collapse-1-3315\" class=\"panel-collapse collapse\"><div class=\"panel-body toggle-content post-content\"><p>U na\u0161im baznim kampovima imamo tu\u0161eve i svla\u010dionice. Nema tu\u0161eva ili soba za presvla\u010denje na izletima od baznih kampova, ali i dalje mo\u017eete koristiti objekte u na\u0161im baznim kampovima prije i poslije va\u0161eg putovanja.<\/p>\n<\/div><\/div><\/div><div class=\"fusion-panel panel-default fusion-faq-post fusion-faq-post-3317 korisne-informacije \"><span class=\"entry-title rich-snippet-hidden\">DA LI IMATE POPUSTE NA GRUPE?<\/span><span class=\"vcard rich-snippet-hidden\"><span class=\"fn\"><a href=\"https:\/\/canyoning.ba\/bs\/author\/admin\/\" title=\"\u010clanci od admin\" rel=\"author\">admin<\/a><\/span><\/span><span class=\"updated rich-snippet-hidden\">2022-02-17T12:54:30+00:00<\/span><div class=\"panel-heading\"><h4 class=\"panel-title toggle\"><a data-toggle=\"collapse\" class=\"collapsed\" data-parent=\"#accordian-1\" data-target=\"#collapse-1-3317\" href=\"#collapse-1-3317\"><div class=\"fusion-toggle-icon-wrapper\"><div class=\"fusion-toggle-icon-wrapper-main\"><div class=\"fusion-toggle-icon-wrapper-sub\"><i class=\"fa-fusion-box active-icon awb-icon-minus\" aria-hidden=\"true\"><\/i><i class=\"fa-fusion-box inactive-icon awb-icon-plus\" aria-hidden=\"true\"><\/i><\/div><\/div><\/div><div class=\"fusion-toggle-heading\">DA LI IMATE POPUSTE NA GRUPE?<\/div><\/a><\/h4><\/div><div id=\"collapse-1-3317\" class=\"panel-collapse collapse\"><div class=\"panel-body toggle-content post-content\"><p>Grupni popusti su mogu\u0107i za grupe od 8 u\u010desnika ili vi\u0161e. Za vi\u0161e informacija kontaktirajte nas.<\/p>\n<\/div><\/div><\/div><div class=\"fusion-panel panel-default fusion-faq-post fusion-faq-post-3322 korisne-informacije \"><span class=\"entry-title rich-snippet-hidden\">\u0160TA AKO SU LO\u0160I VREMENSKI USLOVI?<\/span><span class=\"vcard rich-snippet-hidden\"><span class=\"fn\"><a href=\"https:\/\/canyoning.ba\/bs\/author\/admin\/\" title=\"\u010clanci od admin\" rel=\"author\">admin<\/a><\/span><\/span><span class=\"updated rich-snippet-hidden\">2022-02-17T12:56:55+00:00<\/span><div class=\"panel-heading\"><h4 class=\"panel-title toggle\"><a data-toggle=\"collapse\" class=\"collapsed\" data-parent=\"#accordian-1\" data-target=\"#collapse-1-3322\" href=\"#collapse-1-3322\"><div class=\"fusion-toggle-icon-wrapper\"><div class=\"fusion-toggle-icon-wrapper-main\"><div class=\"fusion-toggle-icon-wrapper-sub\"><i class=\"fa-fusion-box active-icon awb-icon-minus\" aria-hidden=\"true\"><\/i><i class=\"fa-fusion-box inactive-icon awb-icon-plus\" aria-hidden=\"true\"><\/i><\/div><\/div><\/div><div class=\"fusion-toggle-heading\">\u0160TA AKO SU LO\u0160I VREMENSKI USLOVI?<\/div><\/a><\/h4><\/div><div id=\"collapse-1-3322\" class=\"panel-collapse collapse\"><div class=\"panel-body toggle-content post-content\"><p>Ponekad na aktivnosti na otvorenom mogu uticati vremenski uslovi, ali je te\u0161ko predvidjeti ta\u010dno kako \u0107e vrijeme biti do nekoliko dana prije putovanja. Za sve neizvjesnosti kontaktirajte nas \u0161to bli\u017ee datumu dolaska, u slu\u010daju da se put ne mo\u017ee ostvariti, poku\u0161a\u0107emo vas primiti na neki drugi datum ili drugu aktivnost.<\/p>\n<\/div><\/div><\/div><div class=\"fusion-panel panel-default fusion-faq-post fusion-faq-post-3325 korisne-informacije \"><span class=\"entry-title rich-snippet-hidden\">DA LI POSTOJI ODRE\u0110ENA KILA\u017dA ZA POJEDINE AKTIVNOSTI?<\/span><span class=\"vcard rich-snippet-hidden\"><span class=\"fn\"><a href=\"https:\/\/canyoning.ba\/bs\/author\/admin\/\" title=\"\u010clanci od admin\" rel=\"author\">admin<\/a><\/span><\/span><span class=\"updated rich-snippet-hidden\">2022-02-17T13:00:06+00:00<\/span><div class=\"panel-heading\"><h4 class=\"panel-title toggle\"><a data-toggle=\"collapse\" class=\"collapsed\" data-parent=\"#accordian-1\" data-target=\"#collapse-1-3325\" href=\"#collapse-1-3325\"><div class=\"fusion-toggle-icon-wrapper\"><div class=\"fusion-toggle-icon-wrapper-main\"><div class=\"fusion-toggle-icon-wrapper-sub\"><i class=\"fa-fusion-box active-icon awb-icon-minus\" aria-hidden=\"true\"><\/i><i class=\"fa-fusion-box inactive-icon awb-icon-plus\" aria-hidden=\"true\"><\/i><\/div><\/div><\/div><div class=\"fusion-toggle-heading\">DA LI POSTOJI ODRE\u0110ENA KILA\u017dA ZA POJEDINE AKTIVNOSTI?<\/div><\/a><\/h4><\/div><div id=\"collapse-1-3325\" class=\"panel-collapse collapse\"><div class=\"panel-body toggle-content post-content\"><p>Maksimalna kila\u017ea je od 120 kg do 130 kg, zavisno od aktivnosti. Me\u0111utim, odluka je na na\u0161em vodi\u010du ko je fizi\u010dki spreman za u\u010de\u0161\u0107e.<\/p>\n<\/div><\/div><\/div><div class=\"fusion-panel panel-default fusion-faq-post fusion-faq-post-3328 korisne-informacije \"><span class=\"entry-title rich-snippet-hidden\">\u0160TA DA PONESEM OD GARDEROBE ZA OVE PREDJELE BOSNE I HERCEGOVINE I CRNE GORE?<\/span><span class=\"vcard rich-snippet-hidden\"><span class=\"fn\"><a href=\"https:\/\/canyoning.ba\/bs\/author\/admin\/\" title=\"\u010clanci od admin\" rel=\"author\">admin<\/a><\/span><\/span><span class=\"updated rich-snippet-hidden\">2022-02-17T13:01:12+00:00<\/span><div class=\"panel-heading\"><h4 class=\"panel-title toggle\"><a data-toggle=\"collapse\" class=\"collapsed\" data-parent=\"#accordian-1\" data-target=\"#collapse-1-3328\" href=\"#collapse-1-3328\"><div class=\"fusion-toggle-icon-wrapper\"><div class=\"fusion-toggle-icon-wrapper-main\"><div class=\"fusion-toggle-icon-wrapper-sub\"><i class=\"fa-fusion-box active-icon awb-icon-minus\" aria-hidden=\"true\"><\/i><i class=\"fa-fusion-box inactive-icon awb-icon-plus\" aria-hidden=\"true\"><\/i><\/div><\/div><\/div><div class=\"fusion-toggle-heading\">\u0160TA DA PONESEM OD GARDEROBE ZA OVE PREDJELE BOSNE I HERCEGOVINE I CRNE GORE?<\/div><\/a><\/h4><\/div><div id=\"collapse-1-3328\" class=\"panel-collapse collapse\"><div class=\"panel-body toggle-content post-content\"><p>Na\u0161 bazni kamp kao i sve ostale aktivnosti se nalaze u blizinama najviso\u010dijih planinskih predjela u BiH i CG, zato mi preporu\u010dujemo da imate jaknu sa sobom i u slu\u010daju da se odlu\u010dite za neko planinaranje, adekvatnu obu\u0107u.<\/p>\n<\/div><\/div><\/div><div class=\"fusion-panel panel-default fusion-faq-post fusion-faq-post-3330 korisne-informacije \"><span class=\"entry-title rich-snippet-hidden\">KOLIKO OSOBA MO\u017dE DA BUDE NA \u010cAMCU?<\/span><span class=\"vcard rich-snippet-hidden\"><span class=\"fn\"><a href=\"https:\/\/canyoning.ba\/bs\/author\/admin\/\" title=\"\u010clanci od admin\" rel=\"author\">admin<\/a><\/span><\/span><span class=\"updated rich-snippet-hidden\">2022-02-17T13:02:37+00:00<\/span><div class=\"panel-heading\"><h4 class=\"panel-title toggle\"><a data-toggle=\"collapse\" class=\"collapsed\" data-parent=\"#accordian-1\" data-target=\"#collapse-1-3330\" href=\"#collapse-1-3330\"><div class=\"fusion-toggle-icon-wrapper\"><div class=\"fusion-toggle-icon-wrapper-main\"><div class=\"fusion-toggle-icon-wrapper-sub\"><i class=\"fa-fusion-box active-icon awb-icon-minus\" aria-hidden=\"true\"><\/i><i class=\"fa-fusion-box inactive-icon awb-icon-plus\" aria-hidden=\"true\"><\/i><\/div><\/div><\/div><div class=\"fusion-toggle-heading\">KOLIKO OSOBA MO\u017dE DA BUDE NA \u010cAMCU?<\/div><\/a><\/h4><\/div><div id=\"collapse-1-3330\" class=\"panel-collapse collapse\"><div class=\"panel-body toggle-content post-content\"><p>Na na\u0161em \u010damcu mo\u017ee biti 8 osoba, plus jedan skiper.<\/p>\n<\/div><\/div><\/div><div class=\"fusion-panel panel-default fusion-faq-post fusion-faq-post-3333 korisne-informacije \"><span class=\"entry-title rich-snippet-hidden\">DA LI MOGU PONIJETI KAMERU SA SOBOM?<\/span><span class=\"vcard rich-snippet-hidden\"><span class=\"fn\"><a href=\"https:\/\/canyoning.ba\/bs\/author\/admin\/\" title=\"\u010clanci od admin\" rel=\"author\">admin<\/a><\/span><\/span><span class=\"updated rich-snippet-hidden\">2022-02-17T13:03:54+00:00<\/span><div class=\"panel-heading\"><h4 class=\"panel-title toggle\"><a data-toggle=\"collapse\" class=\"collapsed\" data-parent=\"#accordian-1\" data-target=\"#collapse-1-3333\" href=\"#collapse-1-3333\"><div class=\"fusion-toggle-icon-wrapper\"><div class=\"fusion-toggle-icon-wrapper-main\"><div class=\"fusion-toggle-icon-wrapper-sub\"><i class=\"fa-fusion-box active-icon awb-icon-minus\" aria-hidden=\"true\"><\/i><i class=\"fa-fusion-box inactive-icon awb-icon-plus\" aria-hidden=\"true\"><\/i><\/div><\/div><\/div><div class=\"fusion-toggle-heading\">DA LI MOGU PONIJETI KAMERU SA SOBOM?<\/div><\/a><\/h4><\/div><div id=\"collapse-1-3333\" class=\"panel-collapse collapse\"><div class=\"panel-body toggle-content post-content\"><p>Sve zavisi o kojoj je aktivnosti rije\u010d. Sa na\u0161e strane je obezbije\u0111ena GoPro kamera, ali naravno da mo\u017eete ponijeti svoju GoPro kameru ili kameru za slikanje prije i posle vo\u017enje. U slu\u010daju da \u017eelite da ponesete GoPro kameru sa sobom na aktivnostima na vodi, jedino mjesto na kojem je dozvoljeno da se kamera nosi je na kacigi. Nije dozvoljeno na dr\u017ea\u010dima za prsa ili na rukama.<\/p>\n<\/div><\/div><\/div><div class=\"fusion-panel panel-default fusion-faq-post fusion-faq-post-3335 korisne-informacije \"><span class=\"entry-title rich-snippet-hidden\">\u0160TA TREBAM PONIJETI SA SOBOM?<\/span><span class=\"vcard rich-snippet-hidden\"><span class=\"fn\"><a href=\"https:\/\/canyoning.ba\/bs\/author\/admin\/\" title=\"\u010clanci od admin\" rel=\"author\">admin<\/a><\/span><\/span><span class=\"updated rich-snippet-hidden\">2022-02-17T13:05:27+00:00<\/span><div class=\"panel-heading\"><h4 class=\"panel-title toggle\"><a data-toggle=\"collapse\" class=\"collapsed\" data-parent=\"#accordian-1\" data-target=\"#collapse-1-3335\" href=\"#collapse-1-3335\"><div class=\"fusion-toggle-icon-wrapper\"><div class=\"fusion-toggle-icon-wrapper-main\"><div class=\"fusion-toggle-icon-wrapper-sub\"><i class=\"fa-fusion-box active-icon awb-icon-minus\" aria-hidden=\"true\"><\/i><i class=\"fa-fusion-box inactive-icon awb-icon-plus\" aria-hidden=\"true\"><\/i><\/div><\/div><\/div><div class=\"fusion-toggle-heading\">\u0160TA TREBAM PONIJETI SA SOBOM?<\/div><\/a><\/h4><\/div><div id=\"collapse-1-3335\" class=\"panel-collapse collapse\"><div class=\"panel-body toggle-content post-content\"><p>Za sve aktivnosti na vodi treba vam kupa\u0107i kostim, pe\u0161kir i medicinki lijekovi koje uobi\u010dajno nosite sa sobom. Za putovanja koja su malo dalje udaljena preporu\u010dujemo da ponesete malo stvari i ne\u0161to novca.<\/p>\n<\/div><\/div><\/div><div class=\"fusion-panel panel-default fusion-faq-post fusion-faq-post-3337 korisne-informacije \"><span class=\"entry-title rich-snippet-hidden\">GDJE MOGU PARKIRATI SVOJE VOZILO?<\/span><span class=\"vcard rich-snippet-hidden\"><span class=\"fn\"><a href=\"https:\/\/canyoning.ba\/bs\/author\/admin\/\" title=\"\u010clanci od admin\" rel=\"author\">admin<\/a><\/span><\/span><span class=\"updated rich-snippet-hidden\">2022-02-17T13:06:46+00:00<\/span><div class=\"panel-heading\"><h4 class=\"panel-title toggle\"><a data-toggle=\"collapse\" class=\"collapsed\" data-parent=\"#accordian-1\" data-target=\"#collapse-1-3337\" href=\"#collapse-1-3337\"><div class=\"fusion-toggle-icon-wrapper\"><div class=\"fusion-toggle-icon-wrapper-main\"><div class=\"fusion-toggle-icon-wrapper-sub\"><i class=\"fa-fusion-box active-icon awb-icon-minus\" aria-hidden=\"true\"><\/i><i class=\"fa-fusion-box inactive-icon awb-icon-plus\" aria-hidden=\"true\"><\/i><\/div><\/div><\/div><div class=\"fusion-toggle-heading\">GDJE MOGU PARKIRATI SVOJE VOZILO?<\/div><\/a><\/h4><\/div><div id=\"collapse-1-3337\" class=\"panel-collapse collapse\"><div class=\"panel-body toggle-content post-content\"><p>Parking se nalazi na 20 m od na\u0161eg kampa.<\/p>\n<\/div><\/div><\/div><div class=\"fusion-panel panel-default fusion-faq-post fusion-faq-post-3339 korisne-informacije \"><span class=\"entry-title rich-snippet-hidden\">KAKO NAS PRONA\u0106I?<\/span><span class=\"vcard rich-snippet-hidden\"><span class=\"fn\"><a href=\"https:\/\/canyoning.ba\/bs\/author\/admin\/\" title=\"\u010clanci od admin\" rel=\"author\">admin<\/a><\/span><\/span><span class=\"updated rich-snippet-hidden\">2022-02-17T13:07:49+00:00<\/span><div class=\"panel-heading\"><h4 class=\"panel-title toggle\"><a data-toggle=\"collapse\" class=\"collapsed\" data-parent=\"#accordian-1\" data-target=\"#collapse-1-3339\" href=\"#collapse-1-3339\"><div class=\"fusion-toggle-icon-wrapper\"><div class=\"fusion-toggle-icon-wrapper-main\"><div class=\"fusion-toggle-icon-wrapper-sub\"><i class=\"fa-fusion-box active-icon awb-icon-minus\" aria-hidden=\"true\"><\/i><i class=\"fa-fusion-box inactive-icon awb-icon-plus\" aria-hidden=\"true\"><\/i><\/div><\/div><\/div><div class=\"fusion-toggle-heading\">KAKO NAS PRONA\u0106I?<\/div><\/a><\/h4><\/div><div id=\"collapse-1-3339\" class=\"panel-collapse collapse\"><div class=\"panel-body toggle-content post-content\"><p>Na\u0161 bazni kamp Tara Extrime se nalazi udaljen 8km od grani\u010dnog prelaza \u0160\u0107epan Polje ( BiH-Crna Gore) na putu M-18, koji vodi iz pravca Nik\u0161i\u0107 \u2013 Fo\u010da.<br \/>\nGPS koprdinate: Latitude: 43.387060, Longitude:18.786259 DMS:43\u00b023'13.4&#8221;N 18\u00b047'10.5&#8221;E<\/p>\n<\/div><\/div><\/div><\/div><\/div><\/div><\/div><\/div><style type=\"text\/css\">.fusion-body .fusion-builder-column-0{width:100% !important;margin-top : 0px;margin-bottom : 20px;}.fusion-builder-column-0 > .fusion-column-wrapper {padding-top : 0px !important;padding-right : 0px !important;margin-right : 1.92%;padding-bottom : 0px !important;padding-left : 0px !important;margin-left : 1.92%;}@media only screen and (max-width:1024px) {.fusion-body .fusion-builder-column-0{width:100% !important;order : 0;}.fusion-builder-column-0 > .fusion-column-wrapper {margin-right : 1.92%;margin-left : 1.92%;}}@media only screen and (max-width:768px) {.fusion-body .fusion-builder-column-0{width:100% !important;order : 0;}.fusion-builder-column-0 > .fusion-column-wrapper {margin-right : 1.92%;margin-left : 1.92%;}}<\/style><\/div><\/div><style type=\"text\/css\">.fusion-body .fusion-flex-container.fusion-builder-row-1{ padding-top : 0px;margin-top : 0px;padding-right : 0px;padding-bottom : 0px;margin-bottom : 0px;padding-left : 0px;}<\/style><\/div>\n","protected":false},"excerpt":{"rendered":"","protected":false},"author":1,"featured_media":0,"parent":0,"menu_order":0,"comment_status":"closed","ping_status":"closed","template":"","meta":{"footnotes":""},"class_list":["post-3885","page","type-page","status-publish","hentry"],"_links":{"self":[{"href":"https:\/\/canyoning.ba\/bs\/wp-json\/wp\/v2\/pages\/3885","targetHints":{"allow":["GET"]}}],"collection":[{"href":"https:\/\/canyoning.ba\/bs\/wp-json\/wp\/v2\/pages"}],"about":[{"href":"https:\/\/canyoning.ba\/bs\/wp-json\/wp\/v2\/types\/page"}],"author":[{"embeddable":true,"href":"https:\/\/canyoning.ba\/bs\/wp-json\/wp\/v2\/users\/1"}],"replies":[{"embeddable":true,"href":"https:\/\/canyoning.ba\/bs\/wp-json\/wp\/v2\/comments?post=3885"}],"version-history":[{"count":3,"href":"https:\/\/canyoning.ba\/bs\/wp-json\/wp\/v2\/pages\/3885\/revisions"}],"predecessor-version":[{"id":3888,"href":"https:\/\/canyoning.ba\/bs\/wp-json\/wp\/v2\/pages\/3885\/revisions\/3888"}],"wp:attachment":[{"href":"https:\/\/canyoning.ba\/bs\/wp-json\/wp\/v2\/media?parent=3885"}],"curies":[{"name":"wp","href":"https:\/\/api.w.org\/{rel}","templated":true}]}}